{"id":366,"date":"2019-04-23T17:55:28","date_gmt":"2019-04-23T15:55:28","guid":{"rendered":"http:\/\/practicum-epce.recursos.uoc.edu\/?page_id=366"},"modified":"2019-07-21T21:39:51","modified_gmt":"2019-07-21T19:39:51","slug":"conoce-vademecum","status":"publish","type":"page","link":"http:\/\/practicum-epce.recursos.uoc.edu\/es\/conoce-vademecum\/","title":{"rendered":"Como utilizar Vadem\u00e9cum"},"content":{"rendered":"<p>El Vadem\u00e9cum Pr\u00e1cticum proporciona una gu\u00eda para el dise\u00f1o y la evaluaci\u00f3n de los Pr\u00e1cticums de los diferentes programas de los EPCE. Puede ser \u00fatil tanto para el profesorado que tenga que crear un Pr\u00e1cticum desde el inicio, como para el profesorado que quiera revisar y mejorar sus asignaturas de pr\u00e1cticas en funcionamiento.<\/p>\n<p>Con esta finalidad presenta veinte principios de calidad que cualquier Pr\u00e1cticum deber\u00eda cumplir. Estos principios de calidad se refieren a todos los aspectos y dimensiones\u00a0 relacionadas con el dise\u00f1o, el desarrollo y la evaluaci\u00f3n del Pr\u00e1cticum, tanto desde la perspectiva docente como de la gesti\u00f3n acad\u00e9mica.<\/p>\n<p>Por lo tanto, el Vadem\u00e9cum desempe\u00f1a un papel de unificador de criterios de referencia para todos los Pr\u00e1cticums de los EPCE, pero al mismo tiempo, dentro de este marco com\u00fan, recoge la diversidad de modalidades, planteamientos y formas de hacer de cada programa, determinados por factores como por ejemplo el \u00e1mbito disciplinar, el contexto de actuaci\u00f3n profesional o el perfil y necesidades de los estudiantes como destinatarios. Con este prop\u00f3sito, Vadem\u00e9cum ofrece una serie de recomendaciones y pautas en cuanto a la aplicaci\u00f3n concreta de cada principio, que se pueden utilizar en funci\u00f3n de las circunstancias e idiosincrasia precisa de cada Pr\u00e1cticum. Tambi\u00e9n incluye recursos, que se han desarrollado desde los diferentes programas de los EPCE, y que aparecen asociados a cada principio, con objeto de ofrecer ejemplos que puedan ilustrar maneras diversas de resolver los requerimientos de aquel principio en concreto.<\/p>\n<p>El Vadem\u00e9cum est\u00e1 constituido por dos herramientas b\u00e1sicas: el <em>toolkit<\/em> y la infograf\u00eda:<\/p>\n<p><strong>1)<\/strong> El <strong><em>toolkit<\/em><\/strong> organiza la presentaci\u00f3n de los principios de calidad a modo de repositorio a partir de una clasificaci\u00f3n por categor\u00edas. Cada principio se presenta mediante una ficha que incluye una descripci\u00f3n, recomendaciones para su aplicaci\u00f3n, preguntas de reflexi\u00f3n y recursos asociados. La consulta de las fichas de principios de calidad se puede hacer a partir de la selecci\u00f3n y filtro por categor\u00edas, o a partir de la b\u00fasqueda abierta por palabras clave. En el men\u00fa superior del <em>toolkit<\/em> se expone, adem\u00e1s, el enunciado de los veinte principios de calidad y la descripci\u00f3n de las principales modalidades de Pr\u00e1cticum que encontramos en los EPCE.<\/p>\n<p><strong>2)<\/strong> La <strong>infograf\u00eda<\/strong> ofrece una representaci\u00f3n gr\u00e1fica del funcionamiento del Pr\u00e1cticum, con una perspectiva cronol\u00f3gica, es decir, atendiendo a las diferentes fases del mismo: preparaci\u00f3n, desarrollo, evaluaci\u00f3n y revisi\u00f3n y mejora. Por una parte, prev\u00e9 las principales acciones incluidas en cada una de estas fases, tanto por parte de la gesti\u00f3n acad\u00e9mica como de la docente y, por la otra, los agentes implicados en cada caso. Con objeto de dar profundidad al contenido y mostrar la conexi\u00f3n con los principios de calidad, estos est\u00e1n vinculados a las acciones m\u00e1s directamente relacionadas.<\/p>\n<p>De este modo, quien consulta el Vadem\u00e9cum puede combinar dos visiones complementarias de la organizaci\u00f3n y funcionamiento del Pr\u00e1cticum: una m\u00e1s conceptual y basada en los principios de calidad, y la otra m\u00e1s gr\u00e1fica e integradora de las fases de trabajo de cualquier Pr\u00e1cticum.<\/p>\n<p>Os animamos a contribuir para mantener actualizado el Vadem\u00e8cum, aportando nuevos recursos relacionados con los principios de calidad del Pr\u00e1cticum, o haciendo cualquier otra sugerencia, por medio del Grupo de Trabajo del Pr\u00e1cticum de los EPCE.<\/p>\n<h2>Categor\u00edas de b\u00fasqueda<\/h2>\n<p>Como dec\u00edamos, los principios de calidad est\u00e1n organizados en una serie de categor\u00edas que permiten clasificar el contenido central de los mismos:<\/p>\n<ul>\n<li><strong>Acciones docentes &#8211; Actividades<\/strong>: acciones docentes referidas a las actividades de aprenentatge.<\/li>\n<li><strong>Acciones docentes &#8211; Aula<\/strong>: acciones docentes referidas en el aula virtual.<\/li>\n<li><strong>Acciones docentes &#8211; Evaluaci\u00f3n<\/strong>: acciones docentes referidas al procedimiento, instrumentos o criterios de evaluaci\u00f3n.<\/li>\n<li><strong>Acciones docentes &#8211; Dise\u00f1o<\/strong>: acciones docentes referidas al dise\u00f1o de la asignatura de Pr\u00e1cticum.<\/li>\n<li><strong>Acciones docentes &#8211; Seguimiento<\/strong>: acciones docentes referidas al seguimiento de las pr\u00e1cticas de los estudiantes por parte del profesorado o del tutor de centro.<\/li>\n<li><strong>Acciones gesti\u00f3n<\/strong>: acciones referidas a los procesos de gesti\u00f3n acad\u00e9mica del Pr\u00e1cticum.<\/li>\n<li><strong>Agentes<\/strong>: personas, grupos o entidades implicades en el Pr\u00e1cticum con un rol o funciones espec\u00edficas.<\/li>\n<li><strong>Finalidad<\/strong>: prop\u00f3sito y objetivo general del Pr\u00e1cticum.<\/li>\n<li><strong>Modalidades de Pr\u00e1cticum<\/strong>: tipolog\u00edas o formas b\u00e1sicas de asignaturas de Pr\u00e1cticum, en funci\u00f3n de criterios como por ejemplo el hecho de incluir o no el convenio en un centro de pr\u00e1cticas, o el hecho de estar enfocadas a la investigaci\u00f3n en el \u00e1mbito del Pr\u00e1cticum (pr\u00e1cticas externas, pr\u00e1cticas internas o \u2018 virtuales\u2019, pr\u00e1cticas o pr\u00e1cticum de investigaci\u00f3n).<\/li>\n<\/ul>\n<h2>Glosario del Vadem\u00e9cum<\/h2>\n<ul>\n<li><strong>PC<\/strong>: Profesorado Colaborador<\/li>\n<li><strong>GOSPyM<\/strong>: Grupo Operativo Servicio de Pr\u00e1cticas y Movilidad<\/li>\n<li><strong>PRA<\/strong>: Profesorado Responsable de la Asignatura<\/li>\n<li><strong>PRAP<\/strong>: Profesorado Responsable del \u00c1mbito del Pr\u00e1cticum<\/li>\n<li><strong>RAEP<\/strong>: Reconocimiento de la Experiencia Profesional<\/li>\n<li><strong>TGP<\/strong>: T\u00e9cnico de programa.<\/li>\n<\/ul>\n<div class=\"featured featured-grey\"><p><strong>Nota<\/strong>: En este recurso utilizamos la forma masculina de profesor, estudiante, tutor, etc. en un sentido neutro o gen\u00e9rico, es decir, incluyendo individuos de todos los sexos.<\/p>\n<\/div>\n","protected":false},"excerpt":{"rendered":"<p>El Vadem\u00e9cum Pr\u00e1cticum proporciona una gu\u00eda para el dise\u00f1o y la evaluaci\u00f3n de los Pr\u00e1cticums de los diferentes programas de los EPCE. Puede ser \u00fatil tanto para el profesorado que tenga que crear un Pr\u00e1cticum desde el inicio, como para el profesorado que quiera revisar y mejorar sus asignaturas de pr\u00e1cticas en funcionamiento. Con esta [&hellip;]<\/p>\n","protected":false},"author":1,"featured_media":0,"parent":0,"menu_order":0,"comment_status":"closed","ping_status":"closed","template":"","meta":[],"_links":{"self":[{"href":"http:\/\/practicum-epce.recursos.uoc.edu\/es\/wp-json\/wp\/v2\/pages\/366"}],"collection":[{"href":"http:\/\/practicum-epce.recursos.uoc.edu\/es\/wp-json\/wp\/v2\/pages"}],"about":[{"href":"http:\/\/practicum-epce.recursos.uoc.edu\/es\/wp-json\/wp\/v2\/types\/page"}],"author":[{"embeddable":true,"href":"http:\/\/practicum-epce.recursos.uoc.edu\/es\/wp-json\/wp\/v2\/users\/1"}],"replies":[{"embeddable":true,"href":"http:\/\/practicum-epce.recursos.uoc.edu\/es\/wp-json\/wp\/v2\/comments?post=366"}],"version-history":[{"count":8,"href":"http:\/\/practicum-epce.recursos.uoc.edu\/es\/wp-json\/wp\/v2\/pages\/366\/revisions"}],"predecessor-version":[{"id":1314,"href":"http:\/\/practicum-epce.recursos.uoc.edu\/es\/wp-json\/wp\/v2\/pages\/366\/revisions\/1314"}],"wp:attachment":[{"href":"http:\/\/practicum-epce.recursos.uoc.edu\/es\/wp-json\/wp\/v2\/media?parent=366"}],"curies":[{"name":"wp","href":"https:\/\/api.w.org\/{rel}","templated":true}]}}